{"id":2556,"date":"2025-09-24T13:52:40","date_gmt":"2025-09-24T11:52:40","guid":{"rendered":"https:\/\/www.exmonte.com\/\/?page_id=2556"},"modified":"2025-09-29T09:03:13","modified_gmt":"2025-09-29T07:03:13","slug":"barrierefreiheit","status":"publish","type":"page","link":"https:\/\/www.exmonte.com\/en\/barrierefreiheit\/","title":{"rendered":"Accessibility"},"content":{"rendered":"<div data-elementor-type=\"wp-page\" data-elementor-id=\"2556\" class=\"elementor elementor-2556\" data-elementor-post-type=\"page\">\n\t\t\t\t<div class=\"elementor-element elementor-element-d1e1958 e-flex e-con-boxed e-con e-parent\" data-id=\"d1e1958\" data-element_type=\"container\" data-e-type=\"container\">\n\t\t\t\t\t<div class=\"e-con-inner\">\n\t\t<div class=\"elementor-element elementor-element-5991531 e-con-full animated-slow e-flex elementor-invisible e-con e-child\" data-id=\"5991531\" data-element_type=\"container\" data-e-type=\"container\" data-settings=\"{&quot;animation&quot;:&quot;fadeIn&quot;}\">\n\t\t\t\t<div class=\"elementor-element elementor-element-bcbea7f elementor-widget elementor-widget-heading\" data-id=\"bcbea7f\" data-element_type=\"widget\" data-e-type=\"widget\" data-widget_type=\"heading.default\">\n\t\t\t\t\t<h1 class=\"elementor-heading-title elementor-size-default\">Accessibility statement for exmonte.com<\/h1>\t\t\t\t<\/div>\n\t\t\t\t<\/div>\n\t\t<div class=\"elementor-element elementor-element-ca1f128 e-con-full animated-slow e-flex elementor-invisible e-con e-child\" data-id=\"ca1f128\" data-element_type=\"container\" data-e-type=\"container\" data-settings=\"{&quot;animation&quot;:&quot;fadeIn&quot;}\">\n\t\t\t\t<div class=\"elementor-element elementor-element-5ca9886 elementor-widget elementor-widget-text-editor\" data-id=\"5ca9886\" data-element_type=\"widget\" data-e-type=\"widget\" data-widget_type=\"text-editor.default\">\n\t\t\t\t\t\t\t\t\t<h3 data-start=\"268\" data-end=\"284\">Introduction<\/h3><p data-start=\"285\" data-end=\"661\">We at <strong data-start=\"293\" data-end=\"308\">exmonte.com<\/strong> We strive to make our website as accessible and usable as possible for all people\u2014regardless of physical, sensory, or cognitive limitations. This accessibility statement is intended to clarify the measures we have taken and which areas may not yet be fully accessible.<\/p><h3 data-start=\"663\" data-end=\"696\">Accessibility status<\/h3><p data-start=\"697\" data-end=\"889\">The current status of the exmonte.com website largely complies with the requirements of the <strong data-start=\"790\" data-end=\"813\">WCAG 2.1 (Level AA)<\/strong>Nevertheless, there are areas where we continue to strive for improvement.<\/p><h3 data-start=\"891\" data-end=\"916\">Measures achieved<\/h3><p data-start=\"917\" data-end=\"961\">The following measures have already been implemented:<\/p><ul data-start=\"963\" data-end=\"2023\"><li data-start=\"963\" data-end=\"1164\"><p data-start=\"965\" data-end=\"1164\"><strong data-start=\"965\" data-end=\"1000\">Semantic HTML &amp; ARIA roles<\/strong><br data-start=\"1000\" data-end=\"1003\" \/>Structural elements such as headings, lists, paragraphs, and form fields are correctly marked up to support screen readers and assistive technologies.<\/p><\/li><li data-start=\"1166\" data-end=\"1325\"><p data-start=\"1168\" data-end=\"1325\"><strong data-start=\"1168\" data-end=\"1193\">keyboard operability<\/strong><br data-start=\"1193\" data-end=\"1196\" \/>All interactive elements (links, buttons, forms) can be accessed and used via the keyboard (Tab, Enter, arrow keys).<\/p><\/li><li data-start=\"1327\" data-end=\"1505\"><p data-start=\"1329\" data-end=\"1505\"><strong data-start=\"1329\" data-end=\"1361\">Alternative texts for images<\/strong><br data-start=\"1361\" data-end=\"1364\" \/>Images that carry informative content have meaningful alt text. (Decorative images are marked as such.)<\/p><\/li><li data-start=\"1507\" data-end=\"1660\"><p data-start=\"1509\" data-end=\"1660\"><strong data-start=\"1509\" data-end=\"1531\">Contrasts &amp; Colors<\/strong><br data-start=\"1531\" data-end=\"1534\" \/>The color selection was checked for contrast ratios, especially for text, buttons, and important interactive elements.<\/p><\/li><li data-start=\"1662\" data-end=\"1849\"><p data-start=\"1664\" data-end=\"1849\"><strong data-start=\"1664\" data-end=\"1699\">Responsive \/ Customizable layout<\/strong><br data-start=\"1699\" data-end=\"1702\" \/>The website adapts flexibly to different screen sizes (desktop, tablet, smartphone), and content remains legible even when enlarged.<\/p><\/li><li data-start=\"1851\" data-end=\"2023\"><p data-start=\"1853\" data-end=\"2023\"><strong data-start=\"1853\" data-end=\"1888\">Form fields &amp; labels<\/strong><br data-start=\"1888\" data-end=\"1891\" \/>Forms contain clearly recognizable labels, notes, error messages, and instructions for correct entry.<\/p><\/li><\/ul><h3 data-start=\"2808\" data-end=\"2839\">Evaluation and review<\/h3><p data-start=\"2840\" data-end=\"3100\">We regularly conduct tests using automated tools (e.g., accessibility scanners) and manual checks, including screen reader software and real users with disabilities. Feedback is incorporated into our ongoing improvement processes.<\/p><h3 data-start=\"3102\" data-end=\"3128\">\u00a0<\/h3><h3 data-start=\"3102\" data-end=\"3128\">Contact and feedback<\/h3><p data-start=\"3129\" data-end=\"3234\">If you encounter any barriers or have any comments regarding accessibility, please contact us:<\/p><p data-start=\"3236\" data-end=\"3332\"><strong data-start=\"3236\" data-end=\"3255\">Contact email:<\/strong> <a href=\"mailto:office@exmonte.de\">office@exmonte.de<\/a><\/p><p data-start=\"3334\" data-end=\"3366\">Ideally, please state:<\/p><ul data-start=\"3367\" data-end=\"3562\"><li data-start=\"3367\" data-end=\"3419\"><p data-start=\"3369\" data-end=\"3419\">the URL where you found the barrier,<\/p><\/li><li data-start=\"3420\" data-end=\"3463\"><p data-start=\"3422\" data-end=\"3463\">a description of the type of barrier,<\/p><\/li><li data-start=\"3464\" data-end=\"3562\"><p data-start=\"3466\" data-end=\"3562\">the device or technology you use (e.g., screen reader, browser, operating system).<\/p><\/li><\/ul><p data-start=\"3564\" data-end=\"3658\">We will endeavor to respond to your message promptly and resolve any issues quickly.<\/p><h3 data-start=\"3660\" data-end=\"3681\">scope of application<\/h3><p data-start=\"3682\" data-end=\"3925\">This accessibility statement applies to the public website exmonte.com and its content. We accept no responsibility for content on external, linked websites (e.g. partner sites), but we do refer to applicable standards.<\/p><h3 data-start=\"3927\" data-end=\"3961\">Updating the declaration<\/h3><p data-start=\"3962\" data-end=\"4137\">This statement was last created on <strong data-start=\"4004\" data-end=\"4026\">24. September 2025.<\/strong>We review and update them at least once a year, or when significant changes are made to the website.<\/p>\t\t\t\t\t\t\t\t<\/div>\n\t\t\t\t<\/div>\n\t\t\t\t\t<\/div>\n\t\t\t\t<\/div>\n\t\t\t\t<\/div>","protected":false},"excerpt":{"rendered":"<p>Barrierefreiheits\u00aderkl\u00e4rung f\u00fcr exmonte.com Einleitung Wir bei exmonte.com sind bestrebt, unsere Website so zug\u00e4nglich und nutzbar wie m\u00f6glich f\u00fcr alle Menschen zu gestalten \u2013 unabh\u00e4ngig von k\u00f6rperlichen, sensorischen oder kognitiven Einschr\u00e4nkungen. Diese Barrierefreiheits\u00aderkl\u00e4rung soll nachvollziehbar machen, welche Ma\u00dfnahmen wir ergriffen haben und welche Bereiche gegebenenfalls noch nicht vollst\u00e4ndig barrierefrei sind. Status der Barrierefreiheit Der aktuelle Stand [&hellip;]<\/p>","protected":false},"author":1,"featured_media":0,"parent":0,"menu_order":0,"comment_status":"closed","ping_status":"closed","template":"","meta":{"_acf_changed":false,"footnotes":""},"class_list":["post-2556","page","type-page","status-publish","hentry"],"acf":[],"_links":{"self":[{"href":"https:\/\/www.exmonte.com\/en\/wp-json\/wp\/v2\/pages\/2556","targetHints":{"allow":["GET"]}}],"collection":[{"href":"https:\/\/www.exmonte.com\/en\/wp-json\/wp\/v2\/pages"}],"about":[{"href":"https:\/\/www.exmonte.com\/en\/wp-json\/wp\/v2\/types\/page"}],"author":[{"embeddable":true,"href":"https:\/\/www.exmonte.com\/en\/wp-json\/wp\/v2\/users\/1"}],"replies":[{"embeddable":true,"href":"https:\/\/www.exmonte.com\/en\/wp-json\/wp\/v2\/comments?post=2556"}],"version-history":[{"count":10,"href":"https:\/\/www.exmonte.com\/en\/wp-json\/wp\/v2\/pages\/2556\/revisions"}],"predecessor-version":[{"id":2880,"href":"https:\/\/www.exmonte.com\/en\/wp-json\/wp\/v2\/pages\/2556\/revisions\/2880"}],"wp:attachment":[{"href":"https:\/\/www.exmonte.com\/en\/wp-json\/wp\/v2\/media?parent=2556"}],"curies":[{"name":"wp","href":"https:\/\/api.w.org\/{rel}","templated":true}]}}