{"id":311,"date":"2025-07-30T12:07:14","date_gmt":"2025-07-30T10:07:14","guid":{"rendered":"https:\/\/www.exmonte.com\/?page_id=311"},"modified":"2026-03-17T09:29:06","modified_gmt":"2026-03-17T08:29:06","slug":"ueber-uns","status":"publish","type":"page","link":"https:\/\/www.exmonte.com\/en\/ueber-uns\/","title":{"rendered":"About us"},"content":{"rendered":"<div data-elementor-type=\"wp-page\" data-elementor-id=\"311\" class=\"elementor elementor-311\" data-elementor-post-type=\"page\">\n\t\t\t\t<section class=\"elementor-element elementor-element-ccfeea1 e-flex e-con-boxed e-con e-parent\" data-id=\"ccfeea1\" data-element_type=\"container\" data-e-type=\"container\" data-settings=\"{&quot;background_background&quot;:&quot;classic&quot;}\">\n\t\t\t\t\t<div class=\"e-con-inner\">\n\t\t\t\t<div class=\"elementor-element elementor-element-c4c9721 animated-slow elementor-invisible elementor-widget elementor-widget-heading\" data-id=\"c4c9721\" data-element_type=\"widget\" data-e-type=\"widget\" data-settings=\"{&quot;_animation&quot;:&quot;fadeInUp&quot;}\" data-widget_type=\"heading.default\">\n\t\t\t\t\t<h1 class=\"elementor-heading-title elementor-size-default\">About us<\/h1>\t\t\t\t<\/div>\n\t\t\t\t\t<\/div>\n\t\t\t\t<\/section>\n\t\t<section class=\"elementor-element elementor-element-63188ab top-sell e-flex e-con-boxed e-con e-parent\" data-id=\"63188ab\" data-element_type=\"container\" data-e-type=\"container\" data-settings=\"{&quot;background_background&quot;:&quot;classic&quot;}\">\n\t\t\t\t\t<div class=\"e-con-inner\">\n\t\t<div class=\"elementor-element elementor-element-7f11cba e-con-full animated-slow e-flex elementor-invisible e-con e-child\" data-id=\"7f11cba\" data-element_type=\"container\" data-e-type=\"container\" data-settings=\"{&quot;animation&quot;:&quot;fadeInLeft&quot;,&quot;animation_mobile&quot;:&quot;fadeIn&quot;}\">\n\t\t\t\t<div class=\"elementor-element elementor-element-67092c4 elementor-widget elementor-widget-image\" data-id=\"67092c4\" data-element_type=\"widget\" data-e-type=\"widget\" data-widget_type=\"image.default\">\n\t\t\t\t\t\t\t\t\t\t\t\t\t\t\t<img fetchpriority=\"high\" decoding=\"async\" width=\"1920\" height=\"1280\" src=\"https:\/\/www.exmonte.com\/wp-content\/uploads\/2025\/08\/20250818-Exmonte-Team-scaled-1.webp\" class=\"attachment-full size-full wp-image-1850\" alt=\"Exmonte Team\" \/>\t\t\t\t\t\t\t\t\t\t\t\t\t\t\t<\/div>\n\t\t\t\t<\/div>\n\t\t<div class=\"elementor-element elementor-element-a284584 e-con-full animated-slow e-flex elementor-invisible e-con e-child\" data-id=\"a284584\" data-element_type=\"container\" data-e-type=\"container\" data-settings=\"{&quot;animation&quot;:&quot;fadeInRight&quot;,&quot;animation_mobile&quot;:&quot;fadeIn&quot;}\">\n\t\t\t\t<div class=\"elementor-element elementor-element-91ea6ab elementor-widget elementor-widget-heading\" data-id=\"91ea6ab\" data-element_type=\"widget\" data-e-type=\"widget\" data-widget_type=\"heading.default\">\n\t\t\t\t\t<span class=\"elementor-heading-title elementor-size-default\">About us<\/span>\t\t\t\t<\/div>\n\t\t\t\t<div class=\"elementor-element elementor-element-51e71af elementor-widget elementor-widget-heading\" data-id=\"51e71af\" data-element_type=\"widget\" data-e-type=\"widget\" data-widget_type=\"heading.default\">\n\t\t\t\t\t<h2 class=\"elementor-heading-title elementor-size-default\">We are <i>exmonte.<\/i><\/h2>\t\t\t\t<\/div>\n\t\t\t\t<div class=\"elementor-element elementor-element-bc7b354 elementor-widget elementor-widget-text-editor\" data-id=\"bc7b354\" data-element_type=\"widget\" data-e-type=\"widget\" data-widget_type=\"text-editor.default\">\n\t\t\t\t\t\t\t\t\t<p class=\"translation-block\">Exmonte \u2013 naturally healthy is a family business with heart and conviction. We \u2013 Eva and Helmut \u00d6llinger and their daughter Laura Kunze (who joined the company in 2024) \u2013 founded and expanded Exmonte in 2007 because we ourselves have experienced how powerful nature can be when it comes to health, energy and joie de vivre.<\/p><p class=\"translation-block\">Our roots lie in the Alpine region, where a connection to nature and traditional medicinal plants has been cultivated for generations. This closeness to nature has shaped us \u2013 and it is the foundation for everything we do. At Exmonte, we combine ancient knowledge with modern insights to produce high-quality, natural products you can rely on.<\/p>\t\t\t\t\t\t\t\t<\/div>\n\t\t\t\t<div class=\"elementor-element elementor-element-d299c92 elementor-align-left elementor-widget elementor-widget-button\" data-id=\"d299c92\" data-element_type=\"widget\" data-e-type=\"widget\" data-widget_type=\"button.default\">\n\t\t\t\t\t\t\t\t\t\t<a class=\"elementor-button elementor-button-link elementor-size-sm\" href=\"https:\/\/www.exmonte.com\/en\/shop\/\">\n\t\t\t\t\t\t<span class=\"elementor-button-content-wrapper\">\n\t\t\t\t\t\t\t\t\t<span class=\"elementor-button-text\">TO THE PRODUCTS<\/span>\n\t\t\t\t\t<\/span>\n\t\t\t\t\t<\/a>\n\t\t\t\t\t\t\t\t<\/div>\n\t\t\t\t<\/div>\n\t\t\t\t\t<\/div>\n\t\t\t\t<\/section>\n\t\t<div class=\"elementor-element elementor-element-1968c1b e-flex e-con-boxed e-con e-parent\" data-id=\"1968c1b\" data-element_type=\"container\" data-e-type=\"container\" data-settings=\"{&quot;background_background&quot;:&quot;classic&quot;}\">\n\t\t\t\t\t<div class=\"e-con-inner\">\n\t\t\t\t<div class=\"elementor-element elementor-element-842097c elementor-invisible elementor-widget elementor-widget-heading\" data-id=\"842097c\" data-element_type=\"widget\" data-e-type=\"widget\" data-settings=\"{&quot;_animation&quot;:&quot;fadeInDown&quot;}\" data-widget_type=\"heading.default\">\n\t\t\t\t\t<h2 class=\"elementor-heading-title elementor-size-default\">What we <i>constitutes<\/i>\n<\/h2>\t\t\t\t<\/div>\n\t\t\t\t\t<\/div>\n\t\t\t\t<\/div>\n\t\t<div class=\"elementor-element elementor-element-5e45377 e-flex e-con-boxed e-con e-parent\" data-id=\"5e45377\" data-element_type=\"container\" data-e-type=\"container\" data-settings=\"{&quot;background_background&quot;:&quot;classic&quot;}\">\n\t\t\t\t\t<div class=\"e-con-inner\">\n\t\t<div class=\"elementor-element elementor-element-0bd1535 e-con-full e-flex e-con e-child\" data-id=\"0bd1535\" data-element_type=\"container\" data-e-type=\"container\">\n\t\t\t\t<div class=\"elementor-element elementor-element-bfe6fae listing-part elementor-widget elementor-widget-text-editor\" data-id=\"bfe6fae\" data-element_type=\"widget\" data-e-type=\"widget\" data-widget_type=\"text-editor.default\">\n\t\t\t\t\t\t\t\t\t<ul><li><strong>Family-run with responsibility<\/strong><br \/>We personally stand behind every product. Quality, transparency and honesty are not just marketing terms for us, but values we live by.<\/li><li><strong>Natural &amp; sustainable<\/strong><br \/>We select our raw materials carefully - as regionally as possible, always natural and <strong>frei von<\/strong> <strong>Paraffinen, Parabenen, Silikonen, Nanopartikel, Mikroplastik, Mineral\u00f6le, Aluminium und anderen hautunvertr\u00e4glichen Inhaltsstoffen<\/strong>. Gerade diese nat\u00fcrlichen Inhaltstoffe f\u00f6rdern die Gesundheit und die Sch\u00f6nheit der Haut, zumal \u00f6kologische vertr\u00e4gliche Pflegeprodukte die Lebensqualit\u00e4t verbessern. Die oftmals schon sehr strapazierte Haut wird dadurch nicht noch unn\u00f6tiger belastet, was die nat\u00fcrliche Regenerationsf\u00e4higkeit des K\u00f6rpers steigert, da pflanzliche \u00e4therische \u00d6le schneller in die Haut einziehen und deren nat\u00fcrliche Funktion unterst\u00fctzen.<\/li><li><strong>Natural cosmetics with quality<\/strong><br \/>The unique proprietary formulas of Exmonte natural products meet all quality criteria and standards for natural cosmetic products and foodstuffs, and all products are manufactured under strict quality control.<\/li><li><div role=\"presentation\"><b>L\u00e4nder\u00fcbergreifende Kooperationspartner<br \/><\/b>Unsere Zentrale sowie die Produktion befinden sich in \u00d6sterreich, wo wir hochwertige nat\u00fcrliche Produkte entwickeln und herstellen. Von hier auskoordinieren wir alle l\u00e4nder\u00fcbergreifenden Aktivit\u00e4ten und gew\u00e4hrleisten so die Einhaltung h\u00f6chster Qualit\u00e4tsstandards. Neben \u00d6sterreich sind wir bereits erfolgreich in mehreren europ\u00e4ischen L\u00e4ndern vertreten: Deutschland, Schweiz, Italien, Niederlande, Schweden und Litauen. In diesen L\u00e4ndern sorgen unsere engagierten Partner und Vertretungen f\u00fcr eine kompetente Beratung sowie eine zuverl\u00e4ssige Versorgung mit den Produkten. Die steigende Nachfrage zeigt deutlich das wachsende Interesse an nat\u00fcrlichen Gesundheitsl\u00f6sungen. Der weitere Ausbau in zus\u00e4tzliche L\u00e4nder ist bereits in Planung, um noch mehr Menschen von unserer Qualit\u00e4t und unserer Philosophie zu \u00fcberzeugen.<\/div><\/li><\/ul>\t\t\t\t\t\t\t\t<\/div>\n\t\t\t\t<\/div>\n\t\t<div class=\"elementor-element elementor-element-72fb8c4 e-con-full e-flex e-con e-child\" data-id=\"72fb8c4\" data-element_type=\"container\" data-e-type=\"container\">\n\t\t\t\t<div class=\"elementor-element elementor-element-8119afd listing-part elementor-widget elementor-widget-text-editor\" data-id=\"8119afd\" data-element_type=\"widget\" data-e-type=\"widget\" data-widget_type=\"text-editor.default\">\n\t\t\t\t\t\t\t\t\t<ul><li><strong>With a heart for people<\/strong><br \/>We know that health is individual. That's why we not only offer products, but also personalised advice that is tailored to you and your needs. Feel free to contact us by email at any time <a href=\"mailto:office@exmonte.de\">office@exmonte.de<\/a> or <a href=\"mailto:office@exmonte.com\">office@exmonte.com<\/a> or by telephone at <a href=\"tel:00436644204002\">00436644204002<\/a> or under <a href=\"tel:004917670285646\">004917670285646<\/a>.<\/li><li><strong>Loyalty and transparency with our partners<br \/><\/strong>With the knowledge of the unique effects of paraffin-free products, the family business now sells its products in well-stocked specialist shops such as pharmacies, drugstores, health food shops, specialist sports shops, pleasure and wellness oases or via pharmaceutical wholesalers.<\/li><li><strong>Products for all<br \/><\/strong>The product range has been continuously expanded in recent years and today ranges from the traditional marmot ointment, a tried and tested folk rubbing agent, to skin protection and care ointments with a soothing and relaxing effect, through to other pharmacological products that promote the skin's natural resistance, have a regenerative effect and increase your own well-being.<\/li><\/ul>\t\t\t\t\t\t\t\t<\/div>\n\t\t\t\t<\/div>\n\t\t\t\t\t<\/div>\n\t\t\t\t<\/div>\n\t\t<section class=\"elementor-element elementor-element-230b185 e-flex e-con-boxed e-con e-parent\" data-id=\"230b185\" data-element_type=\"container\" data-e-type=\"container\" data-settings=\"{&quot;background_background&quot;:&quot;classic&quot;}\">\n\t\t\t\t\t<div class=\"e-con-inner\">\n\t\t<div class=\"elementor-element elementor-element-b1703ff e-con-full animated-slow e-flex elementor-invisible e-con e-child\" data-id=\"b1703ff\" data-element_type=\"container\" data-e-type=\"container\" data-settings=\"{&quot;animation&quot;:&quot;fadeInUp&quot;}\">\n\t\t\t\t<div class=\"elementor-element elementor-element-5a2ce02 elementor-widget elementor-widget-heading\" data-id=\"5a2ce02\" data-element_type=\"widget\" data-e-type=\"widget\" data-widget_type=\"heading.default\">\n\t\t\t\t\t<h2 class=\"elementor-heading-title elementor-size-default\">Naturally healthy - out of conviction.<i> For everyone.<\/i>\n<\/h2>\t\t\t\t<\/div>\n\t\t\t\t<div class=\"elementor-element elementor-element-14af72f elementor-widget elementor-widget-text-editor\" data-id=\"14af72f\" data-element_type=\"widget\" data-e-type=\"widget\" data-widget_type=\"text-editor.default\">\n\t\t\t\t\t\t\t\t\t<p>Exmonte stands for a conscious, natural lifestyle - for real health without detours. We want to inspire people to listen to their bodies again, to focus on quality rather than quantity and to rediscover the healing power of nature.<\/p>\t\t\t\t\t\t\t\t<\/div>\n\t\t\t\t<div class=\"elementor-element elementor-element-92415d2 elementor-align-center elementor-widget elementor-widget-button\" data-id=\"92415d2\" data-element_type=\"widget\" data-e-type=\"widget\" data-widget_type=\"button.default\">\n\t\t\t\t\t\t\t\t\t\t<a class=\"elementor-button elementor-button-link elementor-size-sm\" href=\"\/en\/shop\/\">\n\t\t\t\t\t\t<span class=\"elementor-button-content-wrapper\">\n\t\t\t\t\t\t\t\t\t<span class=\"elementor-button-text\">TO THE PRODUCTS<\/span>\n\t\t\t\t\t<\/span>\n\t\t\t\t\t<\/a>\n\t\t\t\t\t\t\t\t<\/div>\n\t\t\t\t<div class=\"elementor-element elementor-element-d571c35 elementor-widget elementor-widget-image\" data-id=\"d571c35\" data-element_type=\"widget\" data-e-type=\"widget\" data-widget_type=\"image.default\">\n\t\t\t\t\t\t\t\t\t\t\t\t\t\t\t<img decoding=\"async\" width=\"400\" height=\"400\" src=\"https:\/\/www.exmonte.com\/wp-content\/uploads\/2025\/10\/text-kreis-OSTERREICH-en.png\" class=\"attachment-full size-full wp-image-2340\" alt=\"Berglogo \u00d6sterreichische Qualit\u00e4t seit 2007\" \/>\t\t\t\t\t\t\t\t\t\t\t\t\t\t\t<\/div>\n\t\t\t\t<\/div>\n\t\t\t\t\t<\/div>\n\t\t\t\t<\/section>\n\t\t\t\t<\/div>","protected":false},"excerpt":{"rendered":"<p>\u00dcber Uns \u00dcber uns Wir sind exmonte. Exmonte \u2013 nat\u00fcrlich gesund ist ein Familienunternehmen mit Herz und \u00dcberzeugung. Wir \u2013 das sind Eva und Helmut \u00d6llinger und Tochter Laura Kunze (seit 2024 im Unternehmen t\u00e4tig) \u2013 haben Exmonte im Jahr 2007 gegr\u00fcndet und ausgebaut, weil wir selbst erfahren haben, wie kraftvoll die Natur sein kann, [&hellip;]<\/p>","protected":false},"author":1,"featured_media":0,"parent":0,"menu_order":0,"comment_status":"closed","ping_status":"closed","template":"","meta":{"_acf_changed":false,"footnotes":""},"class_list":["post-311","page","type-page","status-publish","hentry"],"acf":[],"_links":{"self":[{"href":"https:\/\/www.exmonte.com\/en\/wp-json\/wp\/v2\/pages\/311","targetHints":{"allow":["GET"]}}],"collection":[{"href":"https:\/\/www.exmonte.com\/en\/wp-json\/wp\/v2\/pages"}],"about":[{"href":"https:\/\/www.exmonte.com\/en\/wp-json\/wp\/v2\/types\/page"}],"author":[{"embeddable":true,"href":"https:\/\/www.exmonte.com\/en\/wp-json\/wp\/v2\/users\/1"}],"replies":[{"embeddable":true,"href":"https:\/\/www.exmonte.com\/en\/wp-json\/wp\/v2\/comments?post=311"}],"version-history":[{"count":6,"href":"https:\/\/www.exmonte.com\/en\/wp-json\/wp\/v2\/pages\/311\/revisions"}],"predecessor-version":[{"id":3603,"href":"https:\/\/www.exmonte.com\/en\/wp-json\/wp\/v2\/pages\/311\/revisions\/3603"}],"wp:attachment":[{"href":"https:\/\/www.exmonte.com\/en\/wp-json\/wp\/v2\/media?parent=311"}],"curies":[{"name":"wp","href":"https:\/\/api.w.org\/{rel}","templated":true}]}}